{"id":1603,"date":"2022-02-04T19:00:37","date_gmt":"2022-02-05T00:00:37","guid":{"rendered":"https:\/\/ro-main.com\/who-we-are\/"},"modified":"2025-03-13T09:55:57","modified_gmt":"2025-03-13T13:55:57","slug":"qui-nous-sommes","status":"publish","type":"page","link":"https:\/\/ro-main.com\/fr\/qui-nous-sommes\/","title":{"rendered":"Qui nous sommes"},"content":{"rendered":"","protected":false},"excerpt":{"rendered":"","protected":false},"author":1,"featured_media":0,"parent":0,"menu_order":0,"comment_status":"closed","ping_status":"closed","template":"template-a-propos.php","meta":{"_acf_changed":false,"footnotes":""},"class_list":["post-1603","page","type-page","status-publish","hentry"],"acf":[],"yoast_head":"<!-- This site is optimized with the Yoast SEO plugin v27.4 - https:\/\/yoast.com\/product\/yoast-seo-wordpress\/ -->\n<title>Qui nous sommes?<\/title>\n<meta name=\"description\" content=\"D\u00e9couvrez les gens derri\u00e8re Ro-Main. Nous sommes une \u00e9quipe passionn\u00e9e qui fa\u00e7onne l&#039;avenir de l&#039;\u00e9levage depuis 1999.\" \/>\n<meta name=\"robots\" content=\"index, follow, max-snippet:-1, max-image-preview:large, max-video-preview:-1\" \/>\n<link rel=\"canonical\" href=\"https:\/\/ro-main.com\/fr\/qui-nous-sommes\/\" \/>\n<meta property=\"og:locale\" content=\"fr_FR\" \/>\n<meta property=\"og:type\" content=\"article\" \/>\n<meta property=\"og:title\" content=\"Qui nous sommes?\" \/>\n<meta property=\"og:description\" content=\"D\u00e9couvrez les gens derri\u00e8re Ro-Main. Nous sommes une \u00e9quipe passionn\u00e9e qui fa\u00e7onne l&#039;avenir de l&#039;\u00e9levage depuis 1999.\" \/>\n<meta property=\"og:url\" content=\"https:\/\/ro-main.com\/fr\/qui-nous-sommes\/\" \/>\n<meta property=\"og:site_name\" content=\"Conception Ro-Main\" \/>\n<meta property=\"article:modified_time\" content=\"2025-03-13T13:55:57+00:00\" \/>\n<meta property=\"og:image\" content=\"https:\/\/ro-main.com\/wp-content\/uploads\/2022\/06\/ro-main-image-partage.jpg\" \/>\n\t<meta property=\"og:image:width\" content=\"1200\" \/>\n\t<meta property=\"og:image:height\" content=\"630\" \/>\n\t<meta property=\"og:image:type\" content=\"image\/jpeg\" \/>\n<meta name=\"twitter:card\" content=\"summary_large_image\" \/>\n<script type=\"application\/ld+json\" class=\"yoast-schema-graph\">{\"@context\":\"https:\\\/\\\/schema.org\",\"@graph\":[{\"@type\":\"WebPage\",\"@id\":\"https:\\\/\\\/ro-main.com\\\/fr\\\/qui-nous-sommes\\\/\",\"url\":\"https:\\\/\\\/ro-main.com\\\/fr\\\/qui-nous-sommes\\\/\",\"name\":\"Qui nous sommes?\",\"isPartOf\":{\"@id\":\"https:\\\/\\\/ro-main.com\\\/#website\"},\"datePublished\":\"2022-02-05T00:00:37+00:00\",\"dateModified\":\"2025-03-13T13:55:57+00:00\",\"description\":\"D\u00e9couvrez les gens derri\u00e8re Ro-Main. Nous sommes une \u00e9quipe passionn\u00e9e qui fa\u00e7onne l'avenir de l'\u00e9levage depuis 1999.\",\"breadcrumb\":{\"@id\":\"https:\\\/\\\/ro-main.com\\\/fr\\\/qui-nous-sommes\\\/#breadcrumb\"},\"inLanguage\":\"fr-FR\",\"potentialAction\":[{\"@type\":\"ReadAction\",\"target\":[\"https:\\\/\\\/ro-main.com\\\/fr\\\/qui-nous-sommes\\\/\"]}]},{\"@type\":\"BreadcrumbList\",\"@id\":\"https:\\\/\\\/ro-main.com\\\/fr\\\/qui-nous-sommes\\\/#breadcrumb\",\"itemListElement\":[{\"@type\":\"ListItem\",\"position\":1,\"name\":\"Accueil\",\"item\":\"https:\\\/\\\/ro-main.com\\\/fr\\\/\"},{\"@type\":\"ListItem\",\"position\":2,\"name\":\"Qui nous sommes\"}]},{\"@type\":\"WebSite\",\"@id\":\"https:\\\/\\\/ro-main.com\\\/#website\",\"url\":\"https:\\\/\\\/ro-main.com\\\/\",\"name\":\"Conception Ro-Main\",\"description\":\"\",\"potentialAction\":[{\"@type\":\"SearchAction\",\"target\":{\"@type\":\"EntryPoint\",\"urlTemplate\":\"https:\\\/\\\/ro-main.com\\\/?s={search_term_string}\"},\"query-input\":{\"@type\":\"PropertyValueSpecification\",\"valueRequired\":true,\"valueName\":\"search_term_string\"}}],\"inLanguage\":\"fr-FR\"}]}<\/script>\n<!-- \/ Yoast SEO plugin. -->","yoast_head_json":{"title":"Qui nous sommes?","description":"D\u00e9couvrez les gens derri\u00e8re Ro-Main. Nous sommes une \u00e9quipe passionn\u00e9e qui fa\u00e7onne l'avenir de l'\u00e9levage depuis 1999.","robots":{"index":"index","follow":"follow","max-snippet":"max-snippet:-1","max-image-preview":"max-image-preview:large","max-video-preview":"max-video-preview:-1"},"canonical":"https:\/\/ro-main.com\/fr\/qui-nous-sommes\/","og_locale":"fr_FR","og_type":"article","og_title":"Qui nous sommes?","og_description":"D\u00e9couvrez les gens derri\u00e8re Ro-Main. Nous sommes une \u00e9quipe passionn\u00e9e qui fa\u00e7onne l'avenir de l'\u00e9levage depuis 1999.","og_url":"https:\/\/ro-main.com\/fr\/qui-nous-sommes\/","og_site_name":"Conception Ro-Main","article_modified_time":"2025-03-13T13:55:57+00:00","og_image":[{"width":1200,"height":630,"url":"https:\/\/ro-main.com\/wp-content\/uploads\/2022\/06\/ro-main-image-partage.jpg","type":"image\/jpeg"}],"twitter_card":"summary_large_image","schema":{"@context":"https:\/\/schema.org","@graph":[{"@type":"WebPage","@id":"https:\/\/ro-main.com\/fr\/qui-nous-sommes\/","url":"https:\/\/ro-main.com\/fr\/qui-nous-sommes\/","name":"Qui nous sommes?","isPartOf":{"@id":"https:\/\/ro-main.com\/#website"},"datePublished":"2022-02-05T00:00:37+00:00","dateModified":"2025-03-13T13:55:57+00:00","description":"D\u00e9couvrez les gens derri\u00e8re Ro-Main. Nous sommes une \u00e9quipe passionn\u00e9e qui fa\u00e7onne l'avenir de l'\u00e9levage depuis 1999.","breadcrumb":{"@id":"https:\/\/ro-main.com\/fr\/qui-nous-sommes\/#breadcrumb"},"inLanguage":"fr-FR","potentialAction":[{"@type":"ReadAction","target":["https:\/\/ro-main.com\/fr\/qui-nous-sommes\/"]}]},{"@type":"BreadcrumbList","@id":"https:\/\/ro-main.com\/fr\/qui-nous-sommes\/#breadcrumb","itemListElement":[{"@type":"ListItem","position":1,"name":"Accueil","item":"https:\/\/ro-main.com\/fr\/"},{"@type":"ListItem","position":2,"name":"Qui nous sommes"}]},{"@type":"WebSite","@id":"https:\/\/ro-main.com\/#website","url":"https:\/\/ro-main.com\/","name":"Conception Ro-Main","description":"","potentialAction":[{"@type":"SearchAction","target":{"@type":"EntryPoint","urlTemplate":"https:\/\/ro-main.com\/?s={search_term_string}"},"query-input":{"@type":"PropertyValueSpecification","valueRequired":true,"valueName":"search_term_string"}}],"inLanguage":"fr-FR"}]}},"_links":{"self":[{"href":"https:\/\/ro-main.com\/fr\/wp-json\/wp\/v2\/pages\/1603","targetHints":{"allow":["GET"]}}],"collection":[{"href":"https:\/\/ro-main.com\/fr\/wp-json\/wp\/v2\/pages"}],"about":[{"href":"https:\/\/ro-main.com\/fr\/wp-json\/wp\/v2\/types\/page"}],"author":[{"embeddable":true,"href":"https:\/\/ro-main.com\/fr\/wp-json\/wp\/v2\/users\/1"}],"replies":[{"embeddable":true,"href":"https:\/\/ro-main.com\/fr\/wp-json\/wp\/v2\/comments?post=1603"}],"version-history":[{"count":26,"href":"https:\/\/ro-main.com\/fr\/wp-json\/wp\/v2\/pages\/1603\/revisions"}],"predecessor-version":[{"id":3569,"href":"https:\/\/ro-main.com\/fr\/wp-json\/wp\/v2\/pages\/1603\/revisions\/3569"}],"wp:attachment":[{"href":"https:\/\/ro-main.com\/fr\/wp-json\/wp\/v2\/media?parent=1603"}],"curies":[{"name":"wp","href":"https:\/\/api.w.org\/{rel}","templated":true}]}}