{"id":1602,"date":"2022-02-04T19:49:38","date_gmt":"2022-02-05T00:49:38","guid":{"rendered":"https:\/\/ro-main.com\/our-products\/smart-counting-for-processing-plants\/"},"modified":"2025-03-26T14:54:32","modified_gmt":"2025-03-26T18:54:32","slug":"smart-counting-pour-usines-transformation","status":"publish","type":"page","link":"https:\/\/ro-main.com\/fr\/produits\/smart-counting-pour-usines-transformation\/","title":{"rendered":"SmaRt Counting pour les abattoirs"},"content":{"rendered":"","protected":false},"excerpt":{"rendered":"","protected":false},"author":1,"featured_media":0,"parent":1595,"menu_order":0,"comment_status":"closed","ping_status":"closed","template":"template-smart-counting-abattoirs.php","meta":{"_acf_changed":false,"footnotes":""},"class_list":["post-1602","page","type-page","status-publish","hentry"],"acf":[],"yoast_head":"<!-- This site is optimized with the Yoast SEO plugin v27.3 - https:\/\/yoast.com\/product\/yoast-seo-wordpress\/ -->\n<title>Smart counting pour les usines de transformation<\/title>\n<meta name=\"description\" content=\"\u00c0 la recherche de l&#039;outil qui vous fera gagner du temps et de l&#039;argent? Le Smart Counting a \u00e9t\u00e9 pens\u00e9 pour vous par des gens de l&#039;industrie!\" \/>\n<meta name=\"robots\" content=\"index, follow, max-snippet:-1, max-image-preview:large, max-video-preview:-1\" \/>\n<link rel=\"canonical\" href=\"https:\/\/ro-main.com\/fr\/produits\/smart-counting-pour-usines-transformation\/\" \/>\n<meta property=\"og:locale\" content=\"fr_FR\" \/>\n<meta property=\"og:type\" content=\"article\" \/>\n<meta property=\"og:title\" content=\"Smart counting pour les usines de transformation\" \/>\n<meta property=\"og:description\" content=\"\u00c0 la recherche de l&#039;outil qui vous fera gagner du temps et de l&#039;argent? Le Smart Counting a \u00e9t\u00e9 pens\u00e9 pour vous par des gens de l&#039;industrie!\" \/>\n<meta property=\"og:url\" content=\"https:\/\/ro-main.com\/fr\/produits\/smart-counting-pour-usines-transformation\/\" \/>\n<meta property=\"og:site_name\" content=\"Conception Ro-Main\" \/>\n<meta property=\"article:modified_time\" content=\"2025-03-26T18:54:32+00:00\" \/>\n<meta property=\"og:image\" content=\"https:\/\/ro-main.com\/wp-content\/uploads\/2022\/06\/ro-main-image-partage.jpg\" \/>\n\t<meta property=\"og:image:width\" content=\"1200\" \/>\n\t<meta property=\"og:image:height\" content=\"630\" \/>\n\t<meta property=\"og:image:type\" content=\"image\/jpeg\" \/>\n<meta name=\"twitter:card\" content=\"summary_large_image\" \/>\n<script type=\"application\/ld+json\" class=\"yoast-schema-graph\">{\"@context\":\"https:\\\/\\\/schema.org\",\"@graph\":[{\"@type\":\"WebPage\",\"@id\":\"https:\\\/\\\/ro-main.com\\\/fr\\\/produits\\\/smart-counting-pour-usines-transformation\\\/\",\"url\":\"https:\\\/\\\/ro-main.com\\\/fr\\\/produits\\\/smart-counting-pour-usines-transformation\\\/\",\"name\":\"Smart counting pour les usines de transformation\",\"isPartOf\":{\"@id\":\"https:\\\/\\\/ro-main.com\\\/#website\"},\"datePublished\":\"2022-02-05T00:49:38+00:00\",\"dateModified\":\"2025-03-26T18:54:32+00:00\",\"description\":\"\u00c0 la recherche de l'outil qui vous fera gagner du temps et de l'argent? Le Smart Counting a \u00e9t\u00e9 pens\u00e9 pour vous par des gens de l'industrie!\",\"breadcrumb\":{\"@id\":\"https:\\\/\\\/ro-main.com\\\/fr\\\/produits\\\/smart-counting-pour-usines-transformation\\\/#breadcrumb\"},\"inLanguage\":\"fr-FR\",\"potentialAction\":[{\"@type\":\"ReadAction\",\"target\":[\"https:\\\/\\\/ro-main.com\\\/fr\\\/produits\\\/smart-counting-pour-usines-transformation\\\/\"]}]},{\"@type\":\"BreadcrumbList\",\"@id\":\"https:\\\/\\\/ro-main.com\\\/fr\\\/produits\\\/smart-counting-pour-usines-transformation\\\/#breadcrumb\",\"itemListElement\":[{\"@type\":\"ListItem\",\"position\":1,\"name\":\"Accueil\",\"item\":\"https:\\\/\\\/ro-main.com\\\/fr\\\/\"},{\"@type\":\"ListItem\",\"position\":2,\"name\":\"Nos produits\",\"item\":\"https:\\\/\\\/ro-main.com\\\/fr\\\/produits\\\/\"},{\"@type\":\"ListItem\",\"position\":3,\"name\":\"SmaRt Counting pour les abattoirs\"}]},{\"@type\":\"WebSite\",\"@id\":\"https:\\\/\\\/ro-main.com\\\/#website\",\"url\":\"https:\\\/\\\/ro-main.com\\\/\",\"name\":\"Conception Ro-Main\",\"description\":\"\",\"potentialAction\":[{\"@type\":\"SearchAction\",\"target\":{\"@type\":\"EntryPoint\",\"urlTemplate\":\"https:\\\/\\\/ro-main.com\\\/?s={search_term_string}\"},\"query-input\":{\"@type\":\"PropertyValueSpecification\",\"valueRequired\":true,\"valueName\":\"search_term_string\"}}],\"inLanguage\":\"fr-FR\"}]}<\/script>\n<!-- \/ Yoast SEO plugin. -->","yoast_head_json":{"title":"Smart counting pour les usines de transformation","description":"\u00c0 la recherche de l'outil qui vous fera gagner du temps et de l'argent? Le Smart Counting a \u00e9t\u00e9 pens\u00e9 pour vous par des gens de l'industrie!","robots":{"index":"index","follow":"follow","max-snippet":"max-snippet:-1","max-image-preview":"max-image-preview:large","max-video-preview":"max-video-preview:-1"},"canonical":"https:\/\/ro-main.com\/fr\/produits\/smart-counting-pour-usines-transformation\/","og_locale":"fr_FR","og_type":"article","og_title":"Smart counting pour les usines de transformation","og_description":"\u00c0 la recherche de l'outil qui vous fera gagner du temps et de l'argent? Le Smart Counting a \u00e9t\u00e9 pens\u00e9 pour vous par des gens de l'industrie!","og_url":"https:\/\/ro-main.com\/fr\/produits\/smart-counting-pour-usines-transformation\/","og_site_name":"Conception Ro-Main","article_modified_time":"2025-03-26T18:54:32+00:00","og_image":[{"width":1200,"height":630,"url":"https:\/\/ro-main.com\/wp-content\/uploads\/2022\/06\/ro-main-image-partage.jpg","type":"image\/jpeg"}],"twitter_card":"summary_large_image","schema":{"@context":"https:\/\/schema.org","@graph":[{"@type":"WebPage","@id":"https:\/\/ro-main.com\/fr\/produits\/smart-counting-pour-usines-transformation\/","url":"https:\/\/ro-main.com\/fr\/produits\/smart-counting-pour-usines-transformation\/","name":"Smart counting pour les usines de transformation","isPartOf":{"@id":"https:\/\/ro-main.com\/#website"},"datePublished":"2022-02-05T00:49:38+00:00","dateModified":"2025-03-26T18:54:32+00:00","description":"\u00c0 la recherche de l'outil qui vous fera gagner du temps et de l'argent? Le Smart Counting a \u00e9t\u00e9 pens\u00e9 pour vous par des gens de l'industrie!","breadcrumb":{"@id":"https:\/\/ro-main.com\/fr\/produits\/smart-counting-pour-usines-transformation\/#breadcrumb"},"inLanguage":"fr-FR","potentialAction":[{"@type":"ReadAction","target":["https:\/\/ro-main.com\/fr\/produits\/smart-counting-pour-usines-transformation\/"]}]},{"@type":"BreadcrumbList","@id":"https:\/\/ro-main.com\/fr\/produits\/smart-counting-pour-usines-transformation\/#breadcrumb","itemListElement":[{"@type":"ListItem","position":1,"name":"Accueil","item":"https:\/\/ro-main.com\/fr\/"},{"@type":"ListItem","position":2,"name":"Nos produits","item":"https:\/\/ro-main.com\/fr\/produits\/"},{"@type":"ListItem","position":3,"name":"SmaRt Counting pour les abattoirs"}]},{"@type":"WebSite","@id":"https:\/\/ro-main.com\/#website","url":"https:\/\/ro-main.com\/","name":"Conception Ro-Main","description":"","potentialAction":[{"@type":"SearchAction","target":{"@type":"EntryPoint","urlTemplate":"https:\/\/ro-main.com\/?s={search_term_string}"},"query-input":{"@type":"PropertyValueSpecification","valueRequired":true,"valueName":"search_term_string"}}],"inLanguage":"fr-FR"}]}},"_links":{"self":[{"href":"https:\/\/ro-main.com\/fr\/wp-json\/wp\/v2\/pages\/1602","targetHints":{"allow":["GET"]}}],"collection":[{"href":"https:\/\/ro-main.com\/fr\/wp-json\/wp\/v2\/pages"}],"about":[{"href":"https:\/\/ro-main.com\/fr\/wp-json\/wp\/v2\/types\/page"}],"author":[{"embeddable":true,"href":"https:\/\/ro-main.com\/fr\/wp-json\/wp\/v2\/users\/1"}],"replies":[{"embeddable":true,"href":"https:\/\/ro-main.com\/fr\/wp-json\/wp\/v2\/comments?post=1602"}],"version-history":[{"count":17,"href":"https:\/\/ro-main.com\/fr\/wp-json\/wp\/v2\/pages\/1602\/revisions"}],"predecessor-version":[{"id":3599,"href":"https:\/\/ro-main.com\/fr\/wp-json\/wp\/v2\/pages\/1602\/revisions\/3599"}],"up":[{"embeddable":true,"href":"https:\/\/ro-main.com\/fr\/wp-json\/wp\/v2\/pages\/1595"}],"wp:attachment":[{"href":"https:\/\/ro-main.com\/fr\/wp-json\/wp\/v2\/media?parent=1602"}],"curies":[{"name":"wp","href":"https:\/\/api.w.org\/{rel}","templated":true}]}}