{"id":1599,"date":"2022-02-04T19:51:19","date_gmt":"2022-02-05T00:51:19","guid":{"rendered":"https:\/\/ro-main.com\/our-products\/no-backdraft\/"},"modified":"2025-03-26T14:45:31","modified_gmt":"2025-03-26T18:45:31","slug":"systeme-dantiretour-dair","status":"publish","type":"page","link":"https:\/\/ro-main.com\/fr\/produits\/systeme-dantiretour-dair\/","title":{"rendered":"No Backdraft"},"content":{"rendered":"","protected":false},"excerpt":{"rendered":"","protected":false},"author":1,"featured_media":0,"parent":1595,"menu_order":0,"comment_status":"closed","ping_status":"closed","template":"template-no-backdraft.php","meta":{"_acf_changed":false,"footnotes":""},"class_list":["post-1599","page","type-page","status-publish","hentry"],"acf":[],"yoast_head":"<!-- This site is optimized with the Yoast SEO plugin v27.3 - https:\/\/yoast.com\/product\/yoast-seo-wordpress\/ -->\n<title>Syst\u00e8me d&#039;antiretour d&#039;air pour ventilateurs<\/title>\n<meta name=\"description\" content=\"Nos syst\u00e8mes d&#039;antiretour d&#039;air offre un contr\u00f4le du retour d&#039;air plus efficace, une fiabilit\u00e9 tout l&#039;ann\u00e9e et une \u00e9tanch\u00e9it\u00e9.\" \/>\n<meta name=\"robots\" content=\"index, follow, max-snippet:-1, max-image-preview:large, max-video-preview:-1\" \/>\n<link rel=\"canonical\" href=\"https:\/\/ro-main.com\/fr\/produits\/systeme-dantiretour-dair\/\" \/>\n<meta property=\"og:locale\" content=\"fr_FR\" \/>\n<meta property=\"og:type\" content=\"article\" \/>\n<meta property=\"og:title\" content=\"Syst\u00e8me d&#039;antiretour d&#039;air pour ventilateurs\" \/>\n<meta property=\"og:description\" content=\"Nos syst\u00e8mes d&#039;antiretour d&#039;air offre un contr\u00f4le du retour d&#039;air plus efficace, une fiabilit\u00e9 tout l&#039;ann\u00e9e et une \u00e9tanch\u00e9it\u00e9.\" \/>\n<meta property=\"og:url\" content=\"https:\/\/ro-main.com\/fr\/produits\/systeme-dantiretour-dair\/\" \/>\n<meta property=\"og:site_name\" content=\"Conception Ro-Main\" \/>\n<meta property=\"article:modified_time\" content=\"2025-03-26T18:45:31+00:00\" \/>\n<meta property=\"og:image\" content=\"https:\/\/ro-main.com\/wp-content\/uploads\/2022\/06\/ro-main-image-partage.jpg\" \/>\n\t<meta property=\"og:image:width\" content=\"1200\" \/>\n\t<meta property=\"og:image:height\" content=\"630\" \/>\n\t<meta property=\"og:image:type\" content=\"image\/jpeg\" \/>\n<meta name=\"twitter:card\" content=\"summary_large_image\" \/>\n<script type=\"application\/ld+json\" class=\"yoast-schema-graph\">{\"@context\":\"https:\\\/\\\/schema.org\",\"@graph\":[{\"@type\":\"WebPage\",\"@id\":\"https:\\\/\\\/ro-main.com\\\/fr\\\/produits\\\/systeme-dantiretour-dair\\\/\",\"url\":\"https:\\\/\\\/ro-main.com\\\/fr\\\/produits\\\/systeme-dantiretour-dair\\\/\",\"name\":\"Syst\u00e8me d'antiretour d'air pour ventilateurs\",\"isPartOf\":{\"@id\":\"https:\\\/\\\/ro-main.com\\\/#website\"},\"datePublished\":\"2022-02-05T00:51:19+00:00\",\"dateModified\":\"2025-03-26T18:45:31+00:00\",\"description\":\"Nos syst\u00e8mes d'antiretour d'air offre un contr\u00f4le du retour d'air plus efficace, une fiabilit\u00e9 tout l'ann\u00e9e et une \u00e9tanch\u00e9it\u00e9.\",\"breadcrumb\":{\"@id\":\"https:\\\/\\\/ro-main.com\\\/fr\\\/produits\\\/systeme-dantiretour-dair\\\/#breadcrumb\"},\"inLanguage\":\"fr-FR\",\"potentialAction\":[{\"@type\":\"ReadAction\",\"target\":[\"https:\\\/\\\/ro-main.com\\\/fr\\\/produits\\\/systeme-dantiretour-dair\\\/\"]}]},{\"@type\":\"BreadcrumbList\",\"@id\":\"https:\\\/\\\/ro-main.com\\\/fr\\\/produits\\\/systeme-dantiretour-dair\\\/#breadcrumb\",\"itemListElement\":[{\"@type\":\"ListItem\",\"position\":1,\"name\":\"Accueil\",\"item\":\"https:\\\/\\\/ro-main.com\\\/fr\\\/\"},{\"@type\":\"ListItem\",\"position\":2,\"name\":\"Nos produits\",\"item\":\"https:\\\/\\\/ro-main.com\\\/fr\\\/produits\\\/\"},{\"@type\":\"ListItem\",\"position\":3,\"name\":\"No Backdraft\"}]},{\"@type\":\"WebSite\",\"@id\":\"https:\\\/\\\/ro-main.com\\\/#website\",\"url\":\"https:\\\/\\\/ro-main.com\\\/\",\"name\":\"Conception Ro-Main\",\"description\":\"\",\"potentialAction\":[{\"@type\":\"SearchAction\",\"target\":{\"@type\":\"EntryPoint\",\"urlTemplate\":\"https:\\\/\\\/ro-main.com\\\/?s={search_term_string}\"},\"query-input\":{\"@type\":\"PropertyValueSpecification\",\"valueRequired\":true,\"valueName\":\"search_term_string\"}}],\"inLanguage\":\"fr-FR\"}]}<\/script>\n<!-- \/ Yoast SEO plugin. -->","yoast_head_json":{"title":"Syst\u00e8me d'antiretour d'air pour ventilateurs","description":"Nos syst\u00e8mes d'antiretour d'air offre un contr\u00f4le du retour d'air plus efficace, une fiabilit\u00e9 tout l'ann\u00e9e et une \u00e9tanch\u00e9it\u00e9.","robots":{"index":"index","follow":"follow","max-snippet":"max-snippet:-1","max-image-preview":"max-image-preview:large","max-video-preview":"max-video-preview:-1"},"canonical":"https:\/\/ro-main.com\/fr\/produits\/systeme-dantiretour-dair\/","og_locale":"fr_FR","og_type":"article","og_title":"Syst\u00e8me d'antiretour d'air pour ventilateurs","og_description":"Nos syst\u00e8mes d'antiretour d'air offre un contr\u00f4le du retour d'air plus efficace, une fiabilit\u00e9 tout l'ann\u00e9e et une \u00e9tanch\u00e9it\u00e9.","og_url":"https:\/\/ro-main.com\/fr\/produits\/systeme-dantiretour-dair\/","og_site_name":"Conception Ro-Main","article_modified_time":"2025-03-26T18:45:31+00:00","og_image":[{"width":1200,"height":630,"url":"https:\/\/ro-main.com\/wp-content\/uploads\/2022\/06\/ro-main-image-partage.jpg","type":"image\/jpeg"}],"twitter_card":"summary_large_image","schema":{"@context":"https:\/\/schema.org","@graph":[{"@type":"WebPage","@id":"https:\/\/ro-main.com\/fr\/produits\/systeme-dantiretour-dair\/","url":"https:\/\/ro-main.com\/fr\/produits\/systeme-dantiretour-dair\/","name":"Syst\u00e8me d'antiretour d'air pour ventilateurs","isPartOf":{"@id":"https:\/\/ro-main.com\/#website"},"datePublished":"2022-02-05T00:51:19+00:00","dateModified":"2025-03-26T18:45:31+00:00","description":"Nos syst\u00e8mes d'antiretour d'air offre un contr\u00f4le du retour d'air plus efficace, une fiabilit\u00e9 tout l'ann\u00e9e et une \u00e9tanch\u00e9it\u00e9.","breadcrumb":{"@id":"https:\/\/ro-main.com\/fr\/produits\/systeme-dantiretour-dair\/#breadcrumb"},"inLanguage":"fr-FR","potentialAction":[{"@type":"ReadAction","target":["https:\/\/ro-main.com\/fr\/produits\/systeme-dantiretour-dair\/"]}]},{"@type":"BreadcrumbList","@id":"https:\/\/ro-main.com\/fr\/produits\/systeme-dantiretour-dair\/#breadcrumb","itemListElement":[{"@type":"ListItem","position":1,"name":"Accueil","item":"https:\/\/ro-main.com\/fr\/"},{"@type":"ListItem","position":2,"name":"Nos produits","item":"https:\/\/ro-main.com\/fr\/produits\/"},{"@type":"ListItem","position":3,"name":"No Backdraft"}]},{"@type":"WebSite","@id":"https:\/\/ro-main.com\/#website","url":"https:\/\/ro-main.com\/","name":"Conception Ro-Main","description":"","potentialAction":[{"@type":"SearchAction","target":{"@type":"EntryPoint","urlTemplate":"https:\/\/ro-main.com\/?s={search_term_string}"},"query-input":{"@type":"PropertyValueSpecification","valueRequired":true,"valueName":"search_term_string"}}],"inLanguage":"fr-FR"}]}},"_links":{"self":[{"href":"https:\/\/ro-main.com\/fr\/wp-json\/wp\/v2\/pages\/1599","targetHints":{"allow":["GET"]}}],"collection":[{"href":"https:\/\/ro-main.com\/fr\/wp-json\/wp\/v2\/pages"}],"about":[{"href":"https:\/\/ro-main.com\/fr\/wp-json\/wp\/v2\/types\/page"}],"author":[{"embeddable":true,"href":"https:\/\/ro-main.com\/fr\/wp-json\/wp\/v2\/users\/1"}],"replies":[{"embeddable":true,"href":"https:\/\/ro-main.com\/fr\/wp-json\/wp\/v2\/comments?post=1599"}],"version-history":[{"count":17,"href":"https:\/\/ro-main.com\/fr\/wp-json\/wp\/v2\/pages\/1599\/revisions"}],"predecessor-version":[{"id":3596,"href":"https:\/\/ro-main.com\/fr\/wp-json\/wp\/v2\/pages\/1599\/revisions\/3596"}],"up":[{"embeddable":true,"href":"https:\/\/ro-main.com\/fr\/wp-json\/wp\/v2\/pages\/1595"}],"wp:attachment":[{"href":"https:\/\/ro-main.com\/fr\/wp-json\/wp\/v2\/media?parent=1599"}],"curies":[{"name":"wp","href":"https:\/\/api.w.org\/{rel}","templated":true}]}}