{"id":1591,"date":"2022-02-04T19:52:08","date_gmt":"2022-02-05T00:52:08","guid":{"rendered":"https:\/\/ro-main.com\/career\/"},"modified":"2025-03-13T12:10:50","modified_gmt":"2025-03-13T16:10:50","slug":"carriere","status":"publish","type":"page","link":"https:\/\/ro-main.com\/fr\/carriere\/","title":{"rendered":"Carri\u00e8re"},"content":{"rendered":"","protected":false},"excerpt":{"rendered":"","protected":false},"author":1,"featured_media":0,"parent":0,"menu_order":0,"comment_status":"closed","ping_status":"closed","template":"template-carrieres.php","meta":{"_acf_changed":false,"footnotes":""},"class_list":["post-1591","page","type-page","status-publish","hentry"],"acf":[],"yoast_head":"<!-- This site is optimized with the Yoast SEO plugin v27.3 - https:\/\/yoast.com\/product\/yoast-seo-wordpress\/ -->\n<title>Une carri\u00e8re chez Ro-Main, \u00e7a vous int\u00e9resse?<\/title>\n<meta name=\"description\" content=\"Une carri\u00e8re chez Ro-Main vous int\u00e9resse? Tu aimerais faire une diff\u00e9rence dans le monde agricole? Appliquez d\u00e8s aujourd&#039;hui!\" \/>\n<meta name=\"robots\" content=\"index, follow, max-snippet:-1, max-image-preview:large, max-video-preview:-1\" \/>\n<link rel=\"canonical\" href=\"https:\/\/ro-main.com\/fr\/carriere\/\" \/>\n<meta property=\"og:locale\" content=\"fr_FR\" \/>\n<meta property=\"og:type\" content=\"article\" \/>\n<meta property=\"og:title\" content=\"Une carri\u00e8re chez Ro-Main, \u00e7a vous int\u00e9resse?\" \/>\n<meta property=\"og:description\" content=\"Une carri\u00e8re chez Ro-Main vous int\u00e9resse? Tu aimerais faire une diff\u00e9rence dans le monde agricole? Appliquez d\u00e8s aujourd&#039;hui!\" \/>\n<meta property=\"og:url\" content=\"https:\/\/ro-main.com\/fr\/carriere\/\" \/>\n<meta property=\"og:site_name\" content=\"Conception Ro-Main\" \/>\n<meta property=\"article:modified_time\" content=\"2025-03-13T16:10:50+00:00\" \/>\n<meta property=\"og:image\" content=\"https:\/\/ro-main.com\/wp-content\/uploads\/2022\/06\/ro-main-image-partage.jpg\" \/>\n\t<meta property=\"og:image:width\" content=\"1200\" \/>\n\t<meta property=\"og:image:height\" content=\"630\" \/>\n\t<meta property=\"og:image:type\" content=\"image\/jpeg\" \/>\n<meta name=\"twitter:card\" content=\"summary_large_image\" \/>\n<script type=\"application\/ld+json\" class=\"yoast-schema-graph\">{\"@context\":\"https:\\\/\\\/schema.org\",\"@graph\":[{\"@type\":\"WebPage\",\"@id\":\"https:\\\/\\\/ro-main.com\\\/fr\\\/carriere\\\/\",\"url\":\"https:\\\/\\\/ro-main.com\\\/fr\\\/carriere\\\/\",\"name\":\"Une carri\u00e8re chez Ro-Main, \u00e7a vous int\u00e9resse?\",\"isPartOf\":{\"@id\":\"https:\\\/\\\/ro-main.com\\\/#website\"},\"datePublished\":\"2022-02-05T00:52:08+00:00\",\"dateModified\":\"2025-03-13T16:10:50+00:00\",\"description\":\"Une carri\u00e8re chez Ro-Main vous int\u00e9resse? Tu aimerais faire une diff\u00e9rence dans le monde agricole? Appliquez d\u00e8s aujourd'hui!\",\"breadcrumb\":{\"@id\":\"https:\\\/\\\/ro-main.com\\\/fr\\\/carriere\\\/#breadcrumb\"},\"inLanguage\":\"fr-FR\",\"potentialAction\":[{\"@type\":\"ReadAction\",\"target\":[\"https:\\\/\\\/ro-main.com\\\/fr\\\/carriere\\\/\"]}]},{\"@type\":\"BreadcrumbList\",\"@id\":\"https:\\\/\\\/ro-main.com\\\/fr\\\/carriere\\\/#breadcrumb\",\"itemListElement\":[{\"@type\":\"ListItem\",\"position\":1,\"name\":\"Accueil\",\"item\":\"https:\\\/\\\/ro-main.com\\\/fr\\\/\"},{\"@type\":\"ListItem\",\"position\":2,\"name\":\"Carri\u00e8re\"}]},{\"@type\":\"WebSite\",\"@id\":\"https:\\\/\\\/ro-main.com\\\/#website\",\"url\":\"https:\\\/\\\/ro-main.com\\\/\",\"name\":\"Conception Ro-Main\",\"description\":\"\",\"potentialAction\":[{\"@type\":\"SearchAction\",\"target\":{\"@type\":\"EntryPoint\",\"urlTemplate\":\"https:\\\/\\\/ro-main.com\\\/?s={search_term_string}\"},\"query-input\":{\"@type\":\"PropertyValueSpecification\",\"valueRequired\":true,\"valueName\":\"search_term_string\"}}],\"inLanguage\":\"fr-FR\"}]}<\/script>\n<!-- \/ Yoast SEO plugin. -->","yoast_head_json":{"title":"Une carri\u00e8re chez Ro-Main, \u00e7a vous int\u00e9resse?","description":"Une carri\u00e8re chez Ro-Main vous int\u00e9resse? Tu aimerais faire une diff\u00e9rence dans le monde agricole? Appliquez d\u00e8s aujourd'hui!","robots":{"index":"index","follow":"follow","max-snippet":"max-snippet:-1","max-image-preview":"max-image-preview:large","max-video-preview":"max-video-preview:-1"},"canonical":"https:\/\/ro-main.com\/fr\/carriere\/","og_locale":"fr_FR","og_type":"article","og_title":"Une carri\u00e8re chez Ro-Main, \u00e7a vous int\u00e9resse?","og_description":"Une carri\u00e8re chez Ro-Main vous int\u00e9resse? Tu aimerais faire une diff\u00e9rence dans le monde agricole? Appliquez d\u00e8s aujourd'hui!","og_url":"https:\/\/ro-main.com\/fr\/carriere\/","og_site_name":"Conception Ro-Main","article_modified_time":"2025-03-13T16:10:50+00:00","og_image":[{"width":1200,"height":630,"url":"https:\/\/ro-main.com\/wp-content\/uploads\/2022\/06\/ro-main-image-partage.jpg","type":"image\/jpeg"}],"twitter_card":"summary_large_image","schema":{"@context":"https:\/\/schema.org","@graph":[{"@type":"WebPage","@id":"https:\/\/ro-main.com\/fr\/carriere\/","url":"https:\/\/ro-main.com\/fr\/carriere\/","name":"Une carri\u00e8re chez Ro-Main, \u00e7a vous int\u00e9resse?","isPartOf":{"@id":"https:\/\/ro-main.com\/#website"},"datePublished":"2022-02-05T00:52:08+00:00","dateModified":"2025-03-13T16:10:50+00:00","description":"Une carri\u00e8re chez Ro-Main vous int\u00e9resse? Tu aimerais faire une diff\u00e9rence dans le monde agricole? Appliquez d\u00e8s aujourd'hui!","breadcrumb":{"@id":"https:\/\/ro-main.com\/fr\/carriere\/#breadcrumb"},"inLanguage":"fr-FR","potentialAction":[{"@type":"ReadAction","target":["https:\/\/ro-main.com\/fr\/carriere\/"]}]},{"@type":"BreadcrumbList","@id":"https:\/\/ro-main.com\/fr\/carriere\/#breadcrumb","itemListElement":[{"@type":"ListItem","position":1,"name":"Accueil","item":"https:\/\/ro-main.com\/fr\/"},{"@type":"ListItem","position":2,"name":"Carri\u00e8re"}]},{"@type":"WebSite","@id":"https:\/\/ro-main.com\/#website","url":"https:\/\/ro-main.com\/","name":"Conception Ro-Main","description":"","potentialAction":[{"@type":"SearchAction","target":{"@type":"EntryPoint","urlTemplate":"https:\/\/ro-main.com\/?s={search_term_string}"},"query-input":{"@type":"PropertyValueSpecification","valueRequired":true,"valueName":"search_term_string"}}],"inLanguage":"fr-FR"}]}},"_links":{"self":[{"href":"https:\/\/ro-main.com\/fr\/wp-json\/wp\/v2\/pages\/1591","targetHints":{"allow":["GET"]}}],"collection":[{"href":"https:\/\/ro-main.com\/fr\/wp-json\/wp\/v2\/pages"}],"about":[{"href":"https:\/\/ro-main.com\/fr\/wp-json\/wp\/v2\/types\/page"}],"author":[{"embeddable":true,"href":"https:\/\/ro-main.com\/fr\/wp-json\/wp\/v2\/users\/1"}],"replies":[{"embeddable":true,"href":"https:\/\/ro-main.com\/fr\/wp-json\/wp\/v2\/comments?post=1591"}],"version-history":[{"count":29,"href":"https:\/\/ro-main.com\/fr\/wp-json\/wp\/v2\/pages\/1591\/revisions"}],"predecessor-version":[{"id":3458,"href":"https:\/\/ro-main.com\/fr\/wp-json\/wp\/v2\/pages\/1591\/revisions\/3458"}],"wp:attachment":[{"href":"https:\/\/ro-main.com\/fr\/wp-json\/wp\/v2\/media?parent=1591"}],"curies":[{"name":"wp","href":"https:\/\/api.w.org\/{rel}","templated":true}]}}